{"id":16489,"date":"2025-08-03T16:57:44","date_gmt":"2025-08-03T13:57:44","guid":{"rendered":"https:\/\/mantasotomotiv.com\/urunler\/tr\/kategorilenmemis\/615889-cam-krikosu-sol-26-281-man-mercedes\/"},"modified":"2025-08-03T16:57:44","modified_gmt":"2025-08-03T13:57:44","slug":"615889-cam-krikosu-sol-26-281-man-mercedes","status":"publish","type":"product","link":"https:\/\/mantasotomotiv.com\/urunler\/tr\/man\/615889-cam-krikosu-sol-26-281-man-mercedes\/","title":{"rendered":"-615889 CAM KR\u0130KOSU SOL 26.281 MAN, MERCEDES"},"content":{"rendered":"<p>Oem No:<strong> -615889 <\/strong><\/p>\n<p>   Brand \/ Model:<strong>  MAN, MERCEDES <\/strong><\/p>\n<p>   Product Name:<strong> CAM KR\u0130KOSU SOL 26.281 <\/strong><\/p>\n","protected":false},"excerpt":{"rendered":"<p>Oem No:<strong> -615889 <\/strong><\/p>\n<p>   Brand \/ Model:<strong>  MAN, MERCEDES <\/strong><\/p>\n<p>   Product Name:<strong> CAM KR\u0130KOSU SOL 26.281 <\/strong><\/p>\n","protected":false},"featured_media":0,"comment_status":"closed","ping_status":"closed","template":"","meta":[],"product_cat":[10650,10651],"product_tag":[],"class_list":{"0":"post-16489","1":"product","2":"type-product","3":"status-publish","5":"product_cat-man","6":"product_cat-mercedes","8":"first","9":"instock","10":"featured","11":"shipping-taxable","12":"product-type-simple","13":"col-xs-6 col-sm-4","14":"col-mf-5","15":"un-5-cols"},"yoast_head":"<!-- This site is optimized with the Yoast SEO plugin v25.6 - https:\/\/yoast.com\/wordpress\/plugins\/seo\/ -->\n<title>-615889 CAM KR\u0130KOSU SOL 26.281 MAN, MERCEDES - Man Yedek Par\u00e7a - Mercedes TIR Kamyon Yedek Par\u00e7a<\/title>\n<meta name=\"robots\" content=\"index, follow, max-snippet:-1, max-image-preview:large, max-video-preview:-1\" \/>\n<link rel=\"canonical\" href=\"https:\/\/mantasotomotiv.com\/urunler\/tr\/man\/615889-cam-krikosu-sol-26-281-man-mercedes\/\" \/>\n<meta property=\"og:locale\" content=\"tr_TR\" \/>\n<meta property=\"og:type\" content=\"article\" \/>\n<meta property=\"og:title\" content=\"-615889 CAM KR\u0130KOSU SOL 26.281 MAN, MERCEDES - Man Yedek Par\u00e7a - Mercedes TIR Kamyon Yedek Par\u00e7a\" \/>\n<meta property=\"og:description\" content=\"Oem No: -615889   Brand \/ Model: MAN, MERCEDES   Product Name: CAM KR\u0130KOSU SOL 26.281\" \/>\n<meta property=\"og:url\" content=\"https:\/\/mantasotomotiv.com\/urunler\/tr\/man\/615889-cam-krikosu-sol-26-281-man-mercedes\/\" \/>\n<meta property=\"og:site_name\" content=\"Man Yedek Par\u00e7a - Mercedes TIR Kamyon Yedek Par\u00e7a\" \/>\n<meta name=\"twitter:card\" content=\"summary_large_image\" \/>\n<meta name=\"twitter:label1\" content=\"Tahmini okuma s\u00fcresi\" \/>\n\t<meta name=\"twitter:data1\" content=\"1 dakika\" \/>\n<script type=\"application\/ld+json\" class=\"yoast-schema-graph\">{\"@context\":\"https:\/\/schema.org\",\"@graph\":[{\"@type\":\"WebPage\",\"@id\":\"https:\/\/mantasotomotiv.com\/urunler\/tr\/man\/615889-cam-krikosu-sol-26-281-man-mercedes\/\",\"url\":\"https:\/\/mantasotomotiv.com\/urunler\/tr\/man\/615889-cam-krikosu-sol-26-281-man-mercedes\/\",\"name\":\"-615889 CAM KR\u0130KOSU SOL 26.281 MAN, MERCEDES - Man Yedek Par\u00e7a - Mercedes TIR Kamyon Yedek Par\u00e7a\",\"isPartOf\":{\"@id\":\"https:\/\/mantasotomotiv.com\/urunler\/#website\"},\"datePublished\":\"2025-08-03T13:57:44+00:00\",\"breadcrumb\":{\"@id\":\"https:\/\/mantasotomotiv.com\/urunler\/tr\/man\/615889-cam-krikosu-sol-26-281-man-mercedes\/#breadcrumb\"},\"inLanguage\":\"tr\",\"potentialAction\":[{\"@type\":\"ReadAction\",\"target\":[\"https:\/\/mantasotomotiv.com\/urunler\/tr\/man\/615889-cam-krikosu-sol-26-281-man-mercedes\/\"]}]},{\"@type\":\"BreadcrumbList\",\"@id\":\"https:\/\/mantasotomotiv.com\/urunler\/tr\/man\/615889-cam-krikosu-sol-26-281-man-mercedes\/#breadcrumb\",\"itemListElement\":[{\"@type\":\"ListItem\",\"position\":1,\"name\":\"Anasayfa\",\"item\":\"https:\/\/mantasotomotiv.com\/urunler\/\"},{\"@type\":\"ListItem\",\"position\":2,\"name\":\"\u00dcr\u00fcnler\",\"item\":\"https:\/\/mantasotomotiv.com\/urunler\/\"},{\"@type\":\"ListItem\",\"position\":3,\"name\":\"-615889 CAM KR\u0130KOSU SOL 26.281 MAN, MERCEDES\"}]},{\"@type\":\"WebSite\",\"@id\":\"https:\/\/mantasotomotiv.com\/urunler\/#website\",\"url\":\"https:\/\/mantasotomotiv.com\/urunler\/\",\"name\":\"Man Yedek Par\u00e7a - Mercedes TIR Kamyon Yedek Par\u00e7a\",\"description\":\"\",\"potentialAction\":[{\"@type\":\"SearchAction\",\"target\":{\"@type\":\"EntryPoint\",\"urlTemplate\":\"https:\/\/mantasotomotiv.com\/urunler\/?s={search_term_string}\"},\"query-input\":{\"@type\":\"PropertyValueSpecification\",\"valueRequired\":true,\"valueName\":\"search_term_string\"}}],\"inLanguage\":\"tr\"}]}<\/script>\n<!-- \/ Yoast SEO plugin. -->","yoast_head_json":{"title":"-615889 CAM KR\u0130KOSU SOL 26.281 MAN, MERCEDES - Man Yedek Par\u00e7a - Mercedes TIR Kamyon Yedek Par\u00e7a","robots":{"index":"index","follow":"follow","max-snippet":"max-snippet:-1","max-image-preview":"max-image-preview:large","max-video-preview":"max-video-preview:-1"},"canonical":"https:\/\/mantasotomotiv.com\/urunler\/tr\/man\/615889-cam-krikosu-sol-26-281-man-mercedes\/","og_locale":"tr_TR","og_type":"article","og_title":"-615889 CAM KR\u0130KOSU SOL 26.281 MAN, MERCEDES - Man Yedek Par\u00e7a - Mercedes TIR Kamyon Yedek Par\u00e7a","og_description":"Oem No: -615889   Brand \/ Model: MAN, MERCEDES   Product Name: CAM KR\u0130KOSU SOL 26.281","og_url":"https:\/\/mantasotomotiv.com\/urunler\/tr\/man\/615889-cam-krikosu-sol-26-281-man-mercedes\/","og_site_name":"Man Yedek Par\u00e7a - Mercedes TIR Kamyon Yedek Par\u00e7a","twitter_card":"summary_large_image","twitter_misc":{"Tahmini okuma s\u00fcresi":"1 dakika"},"schema":{"@context":"https:\/\/schema.org","@graph":[{"@type":"WebPage","@id":"https:\/\/mantasotomotiv.com\/urunler\/tr\/man\/615889-cam-krikosu-sol-26-281-man-mercedes\/","url":"https:\/\/mantasotomotiv.com\/urunler\/tr\/man\/615889-cam-krikosu-sol-26-281-man-mercedes\/","name":"-615889 CAM KR\u0130KOSU SOL 26.281 MAN, MERCEDES - Man Yedek Par\u00e7a - Mercedes TIR Kamyon Yedek Par\u00e7a","isPartOf":{"@id":"https:\/\/mantasotomotiv.com\/urunler\/#website"},"datePublished":"2025-08-03T13:57:44+00:00","breadcrumb":{"@id":"https:\/\/mantasotomotiv.com\/urunler\/tr\/man\/615889-cam-krikosu-sol-26-281-man-mercedes\/#breadcrumb"},"inLanguage":"tr","potentialAction":[{"@type":"ReadAction","target":["https:\/\/mantasotomotiv.com\/urunler\/tr\/man\/615889-cam-krikosu-sol-26-281-man-mercedes\/"]}]},{"@type":"BreadcrumbList","@id":"https:\/\/mantasotomotiv.com\/urunler\/tr\/man\/615889-cam-krikosu-sol-26-281-man-mercedes\/#breadcrumb","itemListElement":[{"@type":"ListItem","position":1,"name":"Anasayfa","item":"https:\/\/mantasotomotiv.com\/urunler\/"},{"@type":"ListItem","position":2,"name":"\u00dcr\u00fcnler","item":"https:\/\/mantasotomotiv.com\/urunler\/"},{"@type":"ListItem","position":3,"name":"-615889 CAM KR\u0130KOSU SOL 26.281 MAN, MERCEDES"}]},{"@type":"WebSite","@id":"https:\/\/mantasotomotiv.com\/urunler\/#website","url":"https:\/\/mantasotomotiv.com\/urunler\/","name":"Man Yedek Par\u00e7a - Mercedes TIR Kamyon Yedek Par\u00e7a","description":"","potentialAction":[{"@type":"SearchAction","target":{"@type":"EntryPoint","urlTemplate":"https:\/\/mantasotomotiv.com\/urunler\/?s={search_term_string}"},"query-input":{"@type":"PropertyValueSpecification","valueRequired":true,"valueName":"search_term_string"}}],"inLanguage":"tr"}]}},"_links":{"self":[{"href":"https:\/\/mantasotomotiv.com\/urunler\/wp-json\/wp\/v2\/product\/16489","targetHints":{"allow":["GET"]}}],"collection":[{"href":"https:\/\/mantasotomotiv.com\/urunler\/wp-json\/wp\/v2\/product"}],"about":[{"href":"https:\/\/mantasotomotiv.com\/urunler\/wp-json\/wp\/v2\/types\/product"}],"replies":[{"embeddable":true,"href":"https:\/\/mantasotomotiv.com\/urunler\/wp-json\/wp\/v2\/comments?post=16489"}],"wp:attachment":[{"href":"https:\/\/mantasotomotiv.com\/urunler\/wp-json\/wp\/v2\/media?parent=16489"}],"wp:term":[{"taxonomy":"product_cat","embeddable":true,"href":"https:\/\/mantasotomotiv.com\/urunler\/wp-json\/wp\/v2\/product_cat?post=16489"},{"taxonomy":"product_tag","embeddable":true,"href":"https:\/\/mantasotomotiv.com\/urunler\/wp-json\/wp\/v2\/product_tag?post=16489"}],"curies":[{"name":"wp","href":"https:\/\/api.w.org\/{rel}","templated":true}]}}